{"id":704,"date":"2023-10-31T13:02:58","date_gmt":"2023-10-31T12:02:58","guid":{"rendered":"https:\/\/evagispert.com\/formacio-i-tallers\/"},"modified":"2023-12-18T10:29:50","modified_gmt":"2023-12-18T09:29:50","slug":"formacio-i-tallers","status":"publish","type":"page","link":"https:\/\/evagispert.com\/ca\/formacio-i-tallers\/","title":{"rendered":"Formaci\u00f3 i tallers"},"content":{"rendered":"\t\t<div data-elementor-type=\"wp-page\" data-elementor-id=\"704\" class=\"elementor elementor-704 elementor-148\" data-elementor-post-type=\"page\">\n\t\t\t\t<div class=\"elementor-element elementor-element-721947e e-con-full e-flex e-con e-parent\" data-id=\"721947e\" data-element_type=\"container\" data-e-type=\"container\">\n\t\t<div class=\"elementor-element elementor-element-adae829 e-flex e-con-boxed e-con e-child\" data-id=\"adae829\" data-element_type=\"container\" data-e-type=\"container\" data-settings=\"{&quot;background_background&quot;:&quot;classic&quot;}\">\n\t\t\t\t\t<div class=\"e-con-inner\">\n\t\t\t\t<div class=\"elementor-element elementor-element-63c14eb elementor-invisible elementor-widget elementor-widget-heading\" data-id=\"63c14eb\" data-element_type=\"widget\" data-e-type=\"widget\" data-settings=\"{&quot;_animation&quot;:&quot;fadeIn&quot;}\" data-widget_type=\"heading.default\">\n\t\t\t\t<div class=\"elementor-widget-container\">\n\t\t\t\t\t<h1 class=\"elementor-heading-title elementor-size-default\">FORMACI\u00d3 I TALLERS<\/h1>\t\t\t\t<\/div>\n\t\t\t\t<\/div>\n\t\t\t\t\t<\/div>\n\t\t\t\t<\/div>\n\t\t\t\t<\/div>\n\t\t<div class=\"elementor-element elementor-element-ea821e7 e-flex e-con-boxed e-con e-parent\" data-id=\"ea821e7\" data-element_type=\"container\" data-e-type=\"container\">\n\t\t\t\t\t<div class=\"e-con-inner\">\n\t\t<div class=\"elementor-element elementor-element-efef2f7 e-flex e-con-boxed e-con e-child\" data-id=\"efef2f7\" data-element_type=\"container\" data-e-type=\"container\">\n\t\t\t\t\t<div class=\"e-con-inner\">\n\t\t\t\t<div class=\"elementor-element elementor-element-a29485e elementor-widget__width-inherit elementor-widget-tablet__width-initial elementor-widget-mobile__width-inherit elementor-widget elementor-widget-image\" data-id=\"a29485e\" data-element_type=\"widget\" data-e-type=\"widget\" data-widget_type=\"image.default\">\n\t\t\t\t<div class=\"elementor-widget-container\">\n\t\t\t\t\t\t\t\t\t\t\t\t\t\t\t<img fetchpriority=\"high\" decoding=\"async\" width=\"1536\" height=\"864\" src=\"https:\/\/evagispert.com\/wp-content\/uploads\/2023\/11\/Formacion-y-talleres-eva-gispert.jpg\" class=\"attachment-full size-full wp-image-683\" alt=\"\" srcset=\"https:\/\/evagispert.com\/wp-content\/uploads\/2023\/11\/Formacion-y-talleres-eva-gispert.jpg 1536w, https:\/\/evagispert.com\/wp-content\/uploads\/2023\/11\/Formacion-y-talleres-eva-gispert-300x169.jpg 300w, https:\/\/evagispert.com\/wp-content\/uploads\/2023\/11\/Formacion-y-talleres-eva-gispert-1024x576.jpg 1024w, https:\/\/evagispert.com\/wp-content\/uploads\/2023\/11\/Formacion-y-talleres-eva-gispert-768x432.jpg 768w\" sizes=\"(max-width: 1536px) 100vw, 1536px\" \/>\t\t\t\t\t\t\t\t\t\t\t\t\t\t\t<\/div>\n\t\t\t\t<\/div>\n\t\t<div class=\"elementor-element elementor-element-20ffc4d e-con-full e-flex e-con e-child\" data-id=\"20ffc4d\" data-element_type=\"container\" data-e-type=\"container\">\n\t\t\t\t<div class=\"elementor-element elementor-element-e90c06d elementor-widget elementor-widget-heading\" data-id=\"e90c06d\" data-element_type=\"widget\" data-e-type=\"widget\" data-widget_type=\"heading.default\">\n\t\t\t\t<div class=\"elementor-widget-container\">\n\t\t\t\t\t<h2 class=\"elementor-heading-title elementor-size-default\">PRESENCIAL I ONLINE<\/h2>\t\t\t\t<\/div>\n\t\t\t\t<\/div>\n\t\t\t\t<div class=\"elementor-element elementor-element-0f415b8 elementor-invisible elementor-widget elementor-widget-heading\" data-id=\"0f415b8\" data-element_type=\"widget\" data-e-type=\"widget\" data-settings=\"{&quot;_animation&quot;:&quot;fadeIn&quot;,&quot;_animation_delay&quot;:&quot;200&quot;}\" data-widget_type=\"heading.default\">\n\t\t\t\t<div class=\"elementor-widget-container\">\n\t\t\t\t\t<h4 class=\"elementor-heading-title elementor-size-default\">SESSIONS GRUPALS<\/h4>\t\t\t\t<\/div>\n\t\t\t\t<\/div>\n\t\t\t\t<div class=\"elementor-element elementor-element-74ee212 elementor-widget elementor-widget-text-editor\" data-id=\"74ee212\" data-element_type=\"widget\" data-e-type=\"widget\" data-widget_type=\"text-editor.default\">\n\t\t\t\t<div class=\"elementor-widget-container\">\n\t\t\t\t\t\t\t\t\t<p>La formaci\u00f3 i els tallers ens ofereixen la riquesa del compartir en grup. Les paraules i el sentir de l&#8217;altre ressona en tu i fa que deixi de ser tan gran el que a tu t&#8217;est\u00e0 succeint. Quan comparteixes les viv\u00e8ncies, baixa l&#8217;angoixa per sentir que no ets l&#8217;\u00fanica persona a qui li passa aix\u00f2 que sents.<\/p>\n<p>Acompanyant-te a tu i als altres del grup, aprendr\u00e0s recursos que podr\u00e0s posar en pr\u00e0ctica amb la teva fam\u00edlia i far\u00e0s vincles que van m\u00e9s enll\u00e0 d&#8217;aquestes formacions.<\/p>\n<p>Subscriu-te i t&#8217;enviarem informaci\u00f3 de les formacions i els tallers que s&#8217;organitzen.<\/p>\t\t\t\t\t\t\t\t<\/div>\n\t\t\t\t<\/div>\n\t\t\t\t<div class=\"elementor-element elementor-element-65c6091 elementor-tablet-align-center elementor-invisible elementor-widget elementor-widget-button\" data-id=\"65c6091\" data-element_type=\"widget\" data-e-type=\"widget\" data-settings=\"{&quot;_animation&quot;:&quot;fadeInLeft&quot;}\" data-widget_type=\"button.default\">\n\t\t\t\t<div class=\"elementor-widget-container\">\n\t\t\t\t\t\t\t\t\t<div class=\"elementor-button-wrapper\">\n\t\t\t\t\t<a class=\"elementor-button elementor-button-link elementor-size-sm elementor-animation-shrink\" href=\"https:\/\/evagispert.com\/ca\/contacte\/\">\n\t\t\t\t\t\t<span class=\"elementor-button-content-wrapper\">\n\t\t\t\t\t\t\t\t\t<span class=\"elementor-button-text\">M\u00e9s informaci\u00f3<\/span>\n\t\t\t\t\t<\/span>\n\t\t\t\t\t<\/a>\n\t\t\t\t<\/div>\n\t\t\t\t\t\t\t\t<\/div>\n\t\t\t\t<\/div>\n\t\t\t\t<\/div>\n\t\t\t\t\t<\/div>\n\t\t\t\t<\/div>\n\t\t\t\t\t<\/div>\n\t\t\t\t<\/div>\n\t\t\t\t<\/div>\n\t\t","protected":false},"excerpt":{"rendered":"<p>FORMACI\u00d3 I TALLERS PRESENCIAL I ONLINE SESSIONS GRUPALS La formaci\u00f3 i els tallers ens ofereixen la riquesa del compartir en grup. Les paraules i el sentir de l&#8217;altre ressona en tu i fa que deixi de ser tan gran el que a tu t&#8217;est\u00e0 succeint. Quan comparteixes les viv\u00e8ncies, baixa l&#8217;angoixa per sentir que no [&hellip;]<\/p>\n","protected":false},"author":4,"featured_media":0,"parent":0,"menu_order":0,"comment_status":"closed","ping_status":"closed","template":"","meta":{"footnotes":""},"class_list":["post-704","page","type-page","status-publish","hentry"],"yoast_head":"<!-- This site is optimized with the Yoast SEO plugin v27.5 - https:\/\/yoast.com\/product\/yoast-seo-wordpress\/ -->\n<title>Formaci\u00f3 i tallers - Eva Gispert<\/title>\n<meta name=\"robots\" content=\"index, follow, max-snippet:-1, max-image-preview:large, max-video-preview:-1\" \/>\n<link rel=\"canonical\" href=\"https:\/\/evagispert.com\/ca\/formacio-i-tallers\/\" \/>\n<meta property=\"og:locale\" content=\"ca_ES\" \/>\n<meta property=\"og:type\" content=\"article\" \/>\n<meta property=\"og:title\" content=\"Formaci\u00f3 i tallers - Eva Gispert\" \/>\n<meta property=\"og:description\" content=\"FORMACI\u00d3 I TALLERS PRESENCIAL I ONLINE SESSIONS GRUPALS La formaci\u00f3 i els tallers ens ofereixen la riquesa del compartir en grup. Les paraules i el sentir de l&#8217;altre ressona en tu i fa que deixi de ser tan gran el que a tu t&#8217;est\u00e0 succeint. Quan comparteixes les viv\u00e8ncies, baixa l&#8217;angoixa per sentir que no [&hellip;]\" \/>\n<meta property=\"og:url\" content=\"https:\/\/evagispert.com\/ca\/formacio-i-tallers\/\" \/>\n<meta property=\"og:site_name\" content=\"Eva Gispert\" \/>\n<meta property=\"article:modified_time\" content=\"2023-12-18T09:29:50+00:00\" \/>\n<meta property=\"og:image\" content=\"https:\/\/evagispert.com\/wp-content\/uploads\/2023\/11\/Formacion-y-talleres-eva-gispert.jpg\" \/>\n<meta name=\"twitter:card\" content=\"summary_large_image\" \/>\n<meta name=\"twitter:label1\" content=\"Temps estimat de lectura\" \/>\n\t<meta name=\"twitter:data1\" content=\"1 minut\" \/>\n<script type=\"application\/ld+json\" class=\"yoast-schema-graph\">{\"@context\":\"https:\\\/\\\/schema.org\",\"@graph\":[{\"@type\":\"WebPage\",\"@id\":\"https:\\\/\\\/evagispert.com\\\/ca\\\/formacio-i-tallers\\\/\",\"url\":\"https:\\\/\\\/evagispert.com\\\/ca\\\/formacio-i-tallers\\\/\",\"name\":\"Formaci\u00f3 i tallers - Eva Gispert\",\"isPartOf\":{\"@id\":\"https:\\\/\\\/evagispert.com\\\/ca\\\/#website\"},\"primaryImageOfPage\":{\"@id\":\"https:\\\/\\\/evagispert.com\\\/ca\\\/formacio-i-tallers\\\/#primaryimage\"},\"image\":{\"@id\":\"https:\\\/\\\/evagispert.com\\\/ca\\\/formacio-i-tallers\\\/#primaryimage\"},\"thumbnailUrl\":\"https:\\\/\\\/evagispert.com\\\/wp-content\\\/uploads\\\/2023\\\/11\\\/Formacion-y-talleres-eva-gispert.jpg\",\"datePublished\":\"2023-10-31T12:02:58+00:00\",\"dateModified\":\"2023-12-18T09:29:50+00:00\",\"breadcrumb\":{\"@id\":\"https:\\\/\\\/evagispert.com\\\/ca\\\/formacio-i-tallers\\\/#breadcrumb\"},\"inLanguage\":\"ca\",\"potentialAction\":[{\"@type\":\"ReadAction\",\"target\":[\"https:\\\/\\\/evagispert.com\\\/ca\\\/formacio-i-tallers\\\/\"]}]},{\"@type\":\"ImageObject\",\"inLanguage\":\"ca\",\"@id\":\"https:\\\/\\\/evagispert.com\\\/ca\\\/formacio-i-tallers\\\/#primaryimage\",\"url\":\"https:\\\/\\\/evagispert.com\\\/wp-content\\\/uploads\\\/2023\\\/11\\\/Formacion-y-talleres-eva-gispert.jpg\",\"contentUrl\":\"https:\\\/\\\/evagispert.com\\\/wp-content\\\/uploads\\\/2023\\\/11\\\/Formacion-y-talleres-eva-gispert.jpg\"},{\"@type\":\"BreadcrumbList\",\"@id\":\"https:\\\/\\\/evagispert.com\\\/ca\\\/formacio-i-tallers\\\/#breadcrumb\",\"itemListElement\":[{\"@type\":\"ListItem\",\"position\":1,\"name\":\"Portada\",\"item\":\"https:\\\/\\\/evagispert.com\\\/ca\\\/home\\\/\"},{\"@type\":\"ListItem\",\"position\":2,\"name\":\"Formaci\u00f3 i tallers\"}]},{\"@type\":\"WebSite\",\"@id\":\"https:\\\/\\\/evagispert.com\\\/ca\\\/#website\",\"url\":\"https:\\\/\\\/evagispert.com\\\/ca\\\/\",\"name\":\"Eva Gispert\",\"description\":\"\",\"publisher\":{\"@id\":\"https:\\\/\\\/evagispert.com\\\/ca\\\/#organization\"},\"potentialAction\":[{\"@type\":\"SearchAction\",\"target\":{\"@type\":\"EntryPoint\",\"urlTemplate\":\"https:\\\/\\\/evagispert.com\\\/ca\\\/?s={search_term_string}\"},\"query-input\":{\"@type\":\"PropertyValueSpecification\",\"valueRequired\":true,\"valueName\":\"search_term_string\"}}],\"inLanguage\":\"ca\"},{\"@type\":\"Organization\",\"@id\":\"https:\\\/\\\/evagispert.com\\\/ca\\\/#organization\",\"name\":\"Eva Gispert\",\"url\":\"https:\\\/\\\/evagispert.com\\\/ca\\\/\",\"logo\":{\"@type\":\"ImageObject\",\"inLanguage\":\"ca\",\"@id\":\"https:\\\/\\\/evagispert.com\\\/ca\\\/#\\\/schema\\\/logo\\\/image\\\/\",\"url\":\"https:\\\/\\\/evagispert.com\\\/wp-content\\\/uploads\\\/2023\\\/10\\\/LogoEG_oficial_color.png\",\"contentUrl\":\"https:\\\/\\\/evagispert.com\\\/wp-content\\\/uploads\\\/2023\\\/10\\\/LogoEG_oficial_color.png\",\"width\":300,\"height\":173,\"caption\":\"Eva Gispert\"},\"image\":{\"@id\":\"https:\\\/\\\/evagispert.com\\\/ca\\\/#\\\/schema\\\/logo\\\/image\\\/\"}}]}<\/script>\n<!-- \/ Yoast SEO plugin. -->","yoast_head_json":{"title":"Formaci\u00f3 i tallers - Eva Gispert","robots":{"index":"index","follow":"follow","max-snippet":"max-snippet:-1","max-image-preview":"max-image-preview:large","max-video-preview":"max-video-preview:-1"},"canonical":"https:\/\/evagispert.com\/ca\/formacio-i-tallers\/","og_locale":"ca_ES","og_type":"article","og_title":"Formaci\u00f3 i tallers - Eva Gispert","og_description":"FORMACI\u00d3 I TALLERS PRESENCIAL I ONLINE SESSIONS GRUPALS La formaci\u00f3 i els tallers ens ofereixen la riquesa del compartir en grup. Les paraules i el sentir de l&#8217;altre ressona en tu i fa que deixi de ser tan gran el que a tu t&#8217;est\u00e0 succeint. Quan comparteixes les viv\u00e8ncies, baixa l&#8217;angoixa per sentir que no [&hellip;]","og_url":"https:\/\/evagispert.com\/ca\/formacio-i-tallers\/","og_site_name":"Eva Gispert","article_modified_time":"2023-12-18T09:29:50+00:00","og_image":[{"url":"https:\/\/evagispert.com\/wp-content\/uploads\/2023\/11\/Formacion-y-talleres-eva-gispert.jpg","type":"","width":"","height":""}],"twitter_card":"summary_large_image","twitter_misc":{"Temps estimat de lectura":"1 minut"},"schema":{"@context":"https:\/\/schema.org","@graph":[{"@type":"WebPage","@id":"https:\/\/evagispert.com\/ca\/formacio-i-tallers\/","url":"https:\/\/evagispert.com\/ca\/formacio-i-tallers\/","name":"Formaci\u00f3 i tallers - Eva Gispert","isPartOf":{"@id":"https:\/\/evagispert.com\/ca\/#website"},"primaryImageOfPage":{"@id":"https:\/\/evagispert.com\/ca\/formacio-i-tallers\/#primaryimage"},"image":{"@id":"https:\/\/evagispert.com\/ca\/formacio-i-tallers\/#primaryimage"},"thumbnailUrl":"https:\/\/evagispert.com\/wp-content\/uploads\/2023\/11\/Formacion-y-talleres-eva-gispert.jpg","datePublished":"2023-10-31T12:02:58+00:00","dateModified":"2023-12-18T09:29:50+00:00","breadcrumb":{"@id":"https:\/\/evagispert.com\/ca\/formacio-i-tallers\/#breadcrumb"},"inLanguage":"ca","potentialAction":[{"@type":"ReadAction","target":["https:\/\/evagispert.com\/ca\/formacio-i-tallers\/"]}]},{"@type":"ImageObject","inLanguage":"ca","@id":"https:\/\/evagispert.com\/ca\/formacio-i-tallers\/#primaryimage","url":"https:\/\/evagispert.com\/wp-content\/uploads\/2023\/11\/Formacion-y-talleres-eva-gispert.jpg","contentUrl":"https:\/\/evagispert.com\/wp-content\/uploads\/2023\/11\/Formacion-y-talleres-eva-gispert.jpg"},{"@type":"BreadcrumbList","@id":"https:\/\/evagispert.com\/ca\/formacio-i-tallers\/#breadcrumb","itemListElement":[{"@type":"ListItem","position":1,"name":"Portada","item":"https:\/\/evagispert.com\/ca\/home\/"},{"@type":"ListItem","position":2,"name":"Formaci\u00f3 i tallers"}]},{"@type":"WebSite","@id":"https:\/\/evagispert.com\/ca\/#website","url":"https:\/\/evagispert.com\/ca\/","name":"Eva Gispert","description":"","publisher":{"@id":"https:\/\/evagispert.com\/ca\/#organization"},"potentialAction":[{"@type":"SearchAction","target":{"@type":"EntryPoint","urlTemplate":"https:\/\/evagispert.com\/ca\/?s={search_term_string}"},"query-input":{"@type":"PropertyValueSpecification","valueRequired":true,"valueName":"search_term_string"}}],"inLanguage":"ca"},{"@type":"Organization","@id":"https:\/\/evagispert.com\/ca\/#organization","name":"Eva Gispert","url":"https:\/\/evagispert.com\/ca\/","logo":{"@type":"ImageObject","inLanguage":"ca","@id":"https:\/\/evagispert.com\/ca\/#\/schema\/logo\/image\/","url":"https:\/\/evagispert.com\/wp-content\/uploads\/2023\/10\/LogoEG_oficial_color.png","contentUrl":"https:\/\/evagispert.com\/wp-content\/uploads\/2023\/10\/LogoEG_oficial_color.png","width":300,"height":173,"caption":"Eva Gispert"},"image":{"@id":"https:\/\/evagispert.com\/ca\/#\/schema\/logo\/image\/"}}]}},"_links":{"self":[{"href":"https:\/\/evagispert.com\/ca\/wp-json\/wp\/v2\/pages\/704","targetHints":{"allow":["GET"]}}],"collection":[{"href":"https:\/\/evagispert.com\/ca\/wp-json\/wp\/v2\/pages"}],"about":[{"href":"https:\/\/evagispert.com\/ca\/wp-json\/wp\/v2\/types\/page"}],"author":[{"embeddable":true,"href":"https:\/\/evagispert.com\/ca\/wp-json\/wp\/v2\/users\/4"}],"replies":[{"embeddable":true,"href":"https:\/\/evagispert.com\/ca\/wp-json\/wp\/v2\/comments?post=704"}],"version-history":[{"count":1,"href":"https:\/\/evagispert.com\/ca\/wp-json\/wp\/v2\/pages\/704\/revisions"}],"predecessor-version":[{"id":705,"href":"https:\/\/evagispert.com\/ca\/wp-json\/wp\/v2\/pages\/704\/revisions\/705"}],"wp:attachment":[{"href":"https:\/\/evagispert.com\/ca\/wp-json\/wp\/v2\/media?parent=704"}],"curies":[{"name":"wp","href":"https:\/\/api.w.org\/{rel}","templated":true}]}}