{"id":731,"date":"2023-10-31T13:00:25","date_gmt":"2023-10-31T12:00:25","guid":{"rendered":"https:\/\/evagispert.com\/terapia-individual\/"},"modified":"2024-01-02T09:10:56","modified_gmt":"2024-01-02T08:10:56","slug":"terapia-individual","status":"publish","type":"page","link":"https:\/\/evagispert.com\/ca\/terapia-individual\/","title":{"rendered":"Sessions individuals"},"content":{"rendered":"\t\t<div data-elementor-type=\"wp-page\" data-elementor-id=\"731\" class=\"elementor elementor-731 elementor-100\" data-elementor-post-type=\"page\">\n\t\t\t\t<div class=\"elementor-element elementor-element-5f3a7a6 e-con-full e-flex e-con e-parent\" data-id=\"5f3a7a6\" data-element_type=\"container\" data-e-type=\"container\">\n\t\t<div class=\"elementor-element elementor-element-9bbd4f4 e-con-full e-flex e-con e-child\" data-id=\"9bbd4f4\" data-element_type=\"container\" data-e-type=\"container\">\n\t\t<div class=\"elementor-element elementor-element-6521233 e-flex e-con-boxed e-con e-child\" data-id=\"6521233\" data-element_type=\"container\" data-e-type=\"container\" data-settings=\"{&quot;background_background&quot;:&quot;classic&quot;}\">\n\t\t\t\t\t<div class=\"e-con-inner\">\n\t\t\t\t<div class=\"elementor-element elementor-element-a5c404b elementor-invisible elementor-widget elementor-widget-heading\" data-id=\"a5c404b\" data-element_type=\"widget\" data-e-type=\"widget\" data-settings=\"{&quot;_animation&quot;:&quot;fadeIn&quot;}\" data-widget_type=\"heading.default\">\n\t\t\t\t<div class=\"elementor-widget-container\">\n\t\t\t\t\t<h1 class=\"elementor-heading-title elementor-size-default\">Sessions individuals<\/h1>\t\t\t\t<\/div>\n\t\t\t\t<\/div>\n\t\t\t\t\t<\/div>\n\t\t\t\t<\/div>\n\t\t\t\t<\/div>\n\t\t<div class=\"elementor-element elementor-element-1ab49b7 e-flex e-con-boxed e-con e-child\" data-id=\"1ab49b7\" data-element_type=\"container\" data-e-type=\"container\">\n\t\t\t\t\t<div class=\"e-con-inner\">\n\t\t<div class=\"elementor-element elementor-element-08888e2 e-flex e-con-boxed e-con e-child\" data-id=\"08888e2\" data-element_type=\"container\" data-e-type=\"container\">\n\t\t\t\t\t<div class=\"e-con-inner\">\n\t\t\t\t<div class=\"elementor-element elementor-element-95f1890 elementor-widget__width-inherit elementor-widget-tablet__width-initial elementor-widget-mobile__width-inherit elementor-widget elementor-widget-image\" data-id=\"95f1890\" data-element_type=\"widget\" data-e-type=\"widget\" data-widget_type=\"image.default\">\n\t\t\t\t<div class=\"elementor-widget-container\">\n\t\t\t\t\t\t\t\t\t\t\t\t\t\t\t<img fetchpriority=\"high\" decoding=\"async\" width=\"1728\" height=\"972\" src=\"https:\/\/evagispert.com\/wp-content\/uploads\/2023\/11\/1.jpg\" class=\"attachment-full size-full wp-image-673\" alt=\"\" srcset=\"https:\/\/evagispert.com\/wp-content\/uploads\/2023\/11\/1.jpg 1728w, https:\/\/evagispert.com\/wp-content\/uploads\/2023\/11\/1-300x169.jpg 300w, https:\/\/evagispert.com\/wp-content\/uploads\/2023\/11\/1-1024x576.jpg 1024w, https:\/\/evagispert.com\/wp-content\/uploads\/2023\/11\/1-768x432.jpg 768w, https:\/\/evagispert.com\/wp-content\/uploads\/2023\/11\/1-1536x864.jpg 1536w\" sizes=\"(max-width: 1728px) 100vw, 1728px\" \/>\t\t\t\t\t\t\t\t\t\t\t\t\t\t\t<\/div>\n\t\t\t\t<\/div>\n\t\t<div class=\"elementor-element elementor-element-f4a43cd e-con-full e-flex e-con e-child\" data-id=\"f4a43cd\" data-element_type=\"container\" data-e-type=\"container\">\n\t\t\t\t<div class=\"elementor-element elementor-element-62f6b00 elementor-widget elementor-widget-heading\" data-id=\"62f6b00\" data-element_type=\"widget\" data-e-type=\"widget\" data-widget_type=\"heading.default\">\n\t\t\t\t<div class=\"elementor-widget-container\">\n\t\t\t\t\t<h2 class=\"elementor-heading-title elementor-size-default\">SESSIONS INDIVIDUALS DE TER\u00c0PIA I\/O COACHING<\/h2>\t\t\t\t<\/div>\n\t\t\t\t<\/div>\n\t\t\t\t<div class=\"elementor-element elementor-element-82f2de6 elementor-widget elementor-widget-text-editor\" data-id=\"82f2de6\" data-element_type=\"widget\" data-e-type=\"widget\" data-widget_type=\"text-editor.default\">\n\t\t\t\t<div class=\"elementor-widget-container\">\n\t\t\t\t\t\t\t\t\t<p>Benvingut al nostre espai de ter\u00e0pia individual, on el benestar personal i emocional s&#8217;entrellacen amb el creixement i l&#8217;aven\u00e7 personal. A les nostres sessions individuals, t&#8217;ajudarem a trobar el benestar personal i emocional necessari per continuar creixent i avan\u00e7ant. \u00c9s fonamental recon\u00e8ixer els pensaments i sentiments, identificant on resideixen al teu cos. Aquest proc\u00e9s permet donar-los l&#8217;espai necessari per al seu processament. El vincle que constru\u00efm junts es converteix en la base perqu\u00e8 trobis sentit i puguis integrar les diferents parts de tu mateix@ que busquen expressar-se.<\/p>\n<ul>\n<li>La persona, al final, \u00e9s el centre de tota acci\u00f3 professional<\/li>\n<li>La persona tindr\u00e0 confian\u00e7a per cr\u00e9ixer i avan\u00e7ar si compta amb l&#8217;acompanyament necessari i adequat.<\/li>\n<li>Tot el que pensem i sentim t\u00e9 sentit per poder cr\u00e9ixer<\/li>\n<li>Proximitat, respecte i delicadesa en tot all\u00f2 que va sorgint contemplat des de la compassi\u00f3 i no judici<\/li>\n<\/ul>\n<div> <\/div>\n\t\t\t\t\t\t\t\t<\/div>\n\t\t\t\t<\/div>\n\t\t\t\t<div class=\"elementor-element elementor-element-7f1ad85 elementor-tablet-align-left elementor-invisible elementor-widget elementor-widget-button\" data-id=\"7f1ad85\" data-element_type=\"widget\" data-e-type=\"widget\" data-settings=\"{&quot;_animation&quot;:&quot;fadeInLeft&quot;}\" data-widget_type=\"button.default\">\n\t\t\t\t<div class=\"elementor-widget-container\">\n\t\t\t\t\t\t\t\t\t<div class=\"elementor-button-wrapper\">\n\t\t\t\t\t<a class=\"elementor-button elementor-button-link elementor-size-sm elementor-animation-shrink\" href=\"https:\/\/evagispert.com\/ca\/contacte\/\">\n\t\t\t\t\t\t<span class=\"elementor-button-content-wrapper\">\n\t\t\t\t\t\t\t\t\t<span class=\"elementor-button-text\">M\u00e9s informaci\u00f3<\/span>\n\t\t\t\t\t<\/span>\n\t\t\t\t\t<\/a>\n\t\t\t\t<\/div>\n\t\t\t\t\t\t\t\t<\/div>\n\t\t\t\t<\/div>\n\t\t\t\t<\/div>\n\t\t\t\t\t<\/div>\n\t\t\t\t<\/div>\n\t\t\t\t\t<\/div>\n\t\t\t\t<\/div>\n\t\t\t\t<\/div>\n\t\t<div class=\"elementor-element elementor-element-7a02221 e-con-full e-flex e-con e-parent\" data-id=\"7a02221\" data-element_type=\"container\" data-e-type=\"container\">\n\t\t<div class=\"elementor-element elementor-element-94bbbf4 e-flex e-con-boxed e-con e-child\" data-id=\"94bbbf4\" data-element_type=\"container\" data-e-type=\"container\">\n\t\t\t\t\t<div class=\"e-con-inner\">\n\t\t<div class=\"elementor-element elementor-element-7a31611 e-flex e-con-boxed e-con e-child\" data-id=\"7a31611\" data-element_type=\"container\" data-e-type=\"container\">\n\t\t\t\t\t<div class=\"e-con-inner\">\n\t\t\t\t<div class=\"elementor-element elementor-element-9c3430e elementor-widget__width-inherit elementor-widget-tablet__width-initial elementor-widget-mobile__width-inherit elementor-widget elementor-widget-image\" data-id=\"9c3430e\" data-element_type=\"widget\" data-e-type=\"widget\" data-widget_type=\"image.default\">\n\t\t\t\t<div class=\"elementor-widget-container\">\n\t\t\t\t\t\t\t\t\t\t\t\t\t\t\t<img decoding=\"async\" width=\"1536\" height=\"864\" src=\"https:\/\/evagispert.com\/wp-content\/uploads\/2023\/11\/Eva-Gispert-web-1920-x-1080-px-1-1.jpg\" class=\"attachment-full size-full wp-image-684\" alt=\"\" srcset=\"https:\/\/evagispert.com\/wp-content\/uploads\/2023\/11\/Eva-Gispert-web-1920-x-1080-px-1-1.jpg 1536w, https:\/\/evagispert.com\/wp-content\/uploads\/2023\/11\/Eva-Gispert-web-1920-x-1080-px-1-1-300x169.jpg 300w, https:\/\/evagispert.com\/wp-content\/uploads\/2023\/11\/Eva-Gispert-web-1920-x-1080-px-1-1-1024x576.jpg 1024w, https:\/\/evagispert.com\/wp-content\/uploads\/2023\/11\/Eva-Gispert-web-1920-x-1080-px-1-1-768x432.jpg 768w\" sizes=\"(max-width: 1536px) 100vw, 1536px\" \/>\t\t\t\t\t\t\t\t\t\t\t\t\t\t\t<\/div>\n\t\t\t\t<\/div>\n\t\t<div class=\"elementor-element elementor-element-6a75f51 e-con-full e-flex e-con e-child\" data-id=\"6a75f51\" data-element_type=\"container\" data-e-type=\"container\">\n\t\t\t\t<div class=\"elementor-element elementor-element-7e71758 elementor-widget elementor-widget-spacer\" data-id=\"7e71758\" data-element_type=\"widget\" data-e-type=\"widget\" data-widget_type=\"spacer.default\">\n\t\t\t\t<div class=\"elementor-widget-container\">\n\t\t\t\t\t\t\t<div class=\"elementor-spacer\">\n\t\t\t<div class=\"elementor-spacer-inner\"><\/div>\n\t\t<\/div>\n\t\t\t\t\t\t<\/div>\n\t\t\t\t<\/div>\n\t\t\t\t<div class=\"elementor-element elementor-element-2e72bfb elementor-widget elementor-widget-heading\" data-id=\"2e72bfb\" data-element_type=\"widget\" data-e-type=\"widget\" data-widget_type=\"heading.default\">\n\t\t\t\t<div class=\"elementor-widget-container\">\n\t\t\t\t\t<h2 class=\"elementor-heading-title elementor-size-default\">T\u00e8cniques transformadores: l'enfocament DE LES SESSIONS INDIVIDUALS<div><span style=\"color: var( --e-global-color-secondary );font-family: var( --e-global-typography-a1f9501-font-family ), Sans-serif;font-size: var( --e-global-typography-a1f9501-font-size );font-style: var( --e-global-typography-a1f9501-font-style );font-weight: var( --e-global-typography-a1f9501-font-weight );letter-spacing: var( --e-global-typography-a1f9501-letter-spacing );text-transform: var( --e-global-typography-a1f9501-text-transform );text-align: var(--text-align);background-color: var( --e-global-color-5daae3fe )\"><\/span><\/div><\/h2>\t\t\t\t<\/div>\n\t\t\t\t<\/div>\n\t\t\t\t<div class=\"elementor-element elementor-element-16ebc13 elementor-widget elementor-widget-text-editor\" data-id=\"16ebc13\" data-element_type=\"widget\" data-e-type=\"widget\" data-widget_type=\"text-editor.default\">\n\t\t\t\t<div class=\"elementor-widget-container\">\n\t\t\t\t\t\t\t\t\t<p>El meu enfocament a la <b>ter\u00e0pia individual i\/o coaching<\/b> es basa en la confian\u00e7a en els recursos interns de cada individu, fins i tot quan no s\u00f3n evidents en el moment.<\/p>\n<p>L&#8217;objectiu \u00e9s que la persona aconsegueixi comprendre&#8217;s i sentir-se amb m\u00e9s claredat, proporcionant un impuls per continuar creixent no nom\u00e9s a nivell personal, sin\u00f3 tamb\u00e9 en el seu \u00e0mbit familiar i professional.<\/p>\t\t\t\t\t\t\t\t<\/div>\n\t\t\t\t<\/div>\n\t\t\t\t<\/div>\n\t\t\t\t\t<\/div>\n\t\t\t\t<\/div>\n\t\t\t\t\t<\/div>\n\t\t\t\t<\/div>\n\t\t\t\t<\/div>\n\t\t\t\t<\/div>\n\t\t","protected":false},"excerpt":{"rendered":"<p>Sessions individuals SESSIONS INDIVIDUALS DE TER\u00c0PIA I\/O COACHING Benvingut al nostre espai de ter\u00e0pia individual, on el benestar personal i emocional s&#8217;entrellacen amb el creixement i l&#8217;aven\u00e7 personal. A les nostres sessions individuals, t&#8217;ajudarem a trobar el benestar personal i emocional necessari per continuar creixent i avan\u00e7ant. \u00c9s fonamental recon\u00e8ixer els pensaments i sentiments, identificant [&hellip;]<\/p>\n","protected":false},"author":4,"featured_media":661,"parent":0,"menu_order":0,"comment_status":"closed","ping_status":"closed","template":"","meta":{"footnotes":""},"class_list":["post-731","page","type-page","status-publish","has-post-thumbnail","hentry"],"yoast_head":"<!-- This site is optimized with the Yoast SEO plugin v27.5 - https:\/\/yoast.com\/product\/yoast-seo-wordpress\/ -->\n<title>Ter\u00e0pia Individual - Eva Gispert - Benestar Emocional<\/title>\n<meta name=\"description\" content=\"Explora la nostra ter\u00e0pia individual per trobar benestar emocional i creixement personal. Amb un enfocament centrat en els teus recursos interns i t\u00e8cniques transformadores, et guiem cap a\" \/>\n<meta name=\"robots\" content=\"index, follow, max-snippet:-1, max-image-preview:large, max-video-preview:-1\" \/>\n<link rel=\"canonical\" href=\"https:\/\/evagispert.com\/ca\/terapia-individual\/\" \/>\n<meta property=\"og:locale\" content=\"ca_ES\" \/>\n<meta property=\"og:type\" content=\"article\" \/>\n<meta property=\"og:title\" content=\"Ter\u00e0pia Individual - Eva Gispert - Benestar Emocional\" \/>\n<meta property=\"og:description\" content=\"Explora la nostra ter\u00e0pia individual per trobar benestar emocional i creixement personal. Amb un enfocament centrat en els teus recursos interns i t\u00e8cniques transformadores, et guiem cap a\" \/>\n<meta property=\"og:url\" content=\"https:\/\/evagispert.com\/ca\/terapia-individual\/\" \/>\n<meta property=\"og:site_name\" content=\"Eva Gispert\" \/>\n<meta property=\"article:modified_time\" content=\"2024-01-02T08:10:56+00:00\" \/>\n<meta property=\"og:image\" content=\"https:\/\/evagispert.com\/wp-content\/uploads\/2023\/11\/2.jpg\" \/>\n\t<meta property=\"og:image:width\" content=\"1080\" \/>\n\t<meta property=\"og:image:height\" content=\"1350\" \/>\n\t<meta property=\"og:image:type\" content=\"image\/jpeg\" \/>\n<meta name=\"twitter:card\" content=\"summary_large_image\" \/>\n<meta name=\"twitter:label1\" content=\"Temps estimat de lectura\" \/>\n\t<meta name=\"twitter:data1\" content=\"1 minut\" \/>\n<script type=\"application\/ld+json\" class=\"yoast-schema-graph\">{\"@context\":\"https:\\\/\\\/schema.org\",\"@graph\":[{\"@type\":\"WebPage\",\"@id\":\"https:\\\/\\\/evagispert.com\\\/ca\\\/terapia-individual\\\/\",\"url\":\"https:\\\/\\\/evagispert.com\\\/ca\\\/terapia-individual\\\/\",\"name\":\"Ter\u00e0pia Individual - Eva Gispert - Benestar Emocional\",\"isPartOf\":{\"@id\":\"https:\\\/\\\/evagispert.com\\\/ca\\\/#website\"},\"primaryImageOfPage\":{\"@id\":\"https:\\\/\\\/evagispert.com\\\/ca\\\/terapia-individual\\\/#primaryimage\"},\"image\":{\"@id\":\"https:\\\/\\\/evagispert.com\\\/ca\\\/terapia-individual\\\/#primaryimage\"},\"thumbnailUrl\":\"https:\\\/\\\/evagispert.com\\\/wp-content\\\/uploads\\\/2023\\\/11\\\/2.jpg\",\"datePublished\":\"2023-10-31T12:00:25+00:00\",\"dateModified\":\"2024-01-02T08:10:56+00:00\",\"description\":\"Explora la nostra ter\u00e0pia individual per trobar benestar emocional i creixement personal. Amb un enfocament centrat en els teus recursos interns i t\u00e8cniques transformadores, et guiem cap a\",\"breadcrumb\":{\"@id\":\"https:\\\/\\\/evagispert.com\\\/ca\\\/terapia-individual\\\/#breadcrumb\"},\"inLanguage\":\"ca\",\"potentialAction\":[{\"@type\":\"ReadAction\",\"target\":[\"https:\\\/\\\/evagispert.com\\\/ca\\\/terapia-individual\\\/\"]}]},{\"@type\":\"ImageObject\",\"inLanguage\":\"ca\",\"@id\":\"https:\\\/\\\/evagispert.com\\\/ca\\\/terapia-individual\\\/#primaryimage\",\"url\":\"https:\\\/\\\/evagispert.com\\\/wp-content\\\/uploads\\\/2023\\\/11\\\/2.jpg\",\"contentUrl\":\"https:\\\/\\\/evagispert.com\\\/wp-content\\\/uploads\\\/2023\\\/11\\\/2.jpg\",\"width\":1080,\"height\":1350},{\"@type\":\"BreadcrumbList\",\"@id\":\"https:\\\/\\\/evagispert.com\\\/ca\\\/terapia-individual\\\/#breadcrumb\",\"itemListElement\":[{\"@type\":\"ListItem\",\"position\":1,\"name\":\"Portada\",\"item\":\"https:\\\/\\\/evagispert.com\\\/ca\\\/home\\\/\"},{\"@type\":\"ListItem\",\"position\":2,\"name\":\"Sessions individuals\"}]},{\"@type\":\"WebSite\",\"@id\":\"https:\\\/\\\/evagispert.com\\\/ca\\\/#website\",\"url\":\"https:\\\/\\\/evagispert.com\\\/ca\\\/\",\"name\":\"Eva Gispert\",\"description\":\"\",\"publisher\":{\"@id\":\"https:\\\/\\\/evagispert.com\\\/ca\\\/#organization\"},\"potentialAction\":[{\"@type\":\"SearchAction\",\"target\":{\"@type\":\"EntryPoint\",\"urlTemplate\":\"https:\\\/\\\/evagispert.com\\\/ca\\\/?s={search_term_string}\"},\"query-input\":{\"@type\":\"PropertyValueSpecification\",\"valueRequired\":true,\"valueName\":\"search_term_string\"}}],\"inLanguage\":\"ca\"},{\"@type\":\"Organization\",\"@id\":\"https:\\\/\\\/evagispert.com\\\/ca\\\/#organization\",\"name\":\"Eva Gispert\",\"url\":\"https:\\\/\\\/evagispert.com\\\/ca\\\/\",\"logo\":{\"@type\":\"ImageObject\",\"inLanguage\":\"ca\",\"@id\":\"https:\\\/\\\/evagispert.com\\\/ca\\\/#\\\/schema\\\/logo\\\/image\\\/\",\"url\":\"https:\\\/\\\/evagispert.com\\\/wp-content\\\/uploads\\\/2023\\\/10\\\/LogoEG_oficial_color.png\",\"contentUrl\":\"https:\\\/\\\/evagispert.com\\\/wp-content\\\/uploads\\\/2023\\\/10\\\/LogoEG_oficial_color.png\",\"width\":300,\"height\":173,\"caption\":\"Eva Gispert\"},\"image\":{\"@id\":\"https:\\\/\\\/evagispert.com\\\/ca\\\/#\\\/schema\\\/logo\\\/image\\\/\"}}]}<\/script>\n<!-- \/ Yoast SEO plugin. -->","yoast_head_json":{"title":"Ter\u00e0pia Individual - Eva Gispert - Benestar Emocional","description":"Explora la nostra ter\u00e0pia individual per trobar benestar emocional i creixement personal. Amb un enfocament centrat en els teus recursos interns i t\u00e8cniques transformadores, et guiem cap a","robots":{"index":"index","follow":"follow","max-snippet":"max-snippet:-1","max-image-preview":"max-image-preview:large","max-video-preview":"max-video-preview:-1"},"canonical":"https:\/\/evagispert.com\/ca\/terapia-individual\/","og_locale":"ca_ES","og_type":"article","og_title":"Ter\u00e0pia Individual - Eva Gispert - Benestar Emocional","og_description":"Explora la nostra ter\u00e0pia individual per trobar benestar emocional i creixement personal. Amb un enfocament centrat en els teus recursos interns i t\u00e8cniques transformadores, et guiem cap a","og_url":"https:\/\/evagispert.com\/ca\/terapia-individual\/","og_site_name":"Eva Gispert","article_modified_time":"2024-01-02T08:10:56+00:00","og_image":[{"width":1080,"height":1350,"url":"https:\/\/evagispert.com\/wp-content\/uploads\/2023\/11\/2.jpg","type":"image\/jpeg"}],"twitter_card":"summary_large_image","twitter_misc":{"Temps estimat de lectura":"1 minut"},"schema":{"@context":"https:\/\/schema.org","@graph":[{"@type":"WebPage","@id":"https:\/\/evagispert.com\/ca\/terapia-individual\/","url":"https:\/\/evagispert.com\/ca\/terapia-individual\/","name":"Ter\u00e0pia Individual - Eva Gispert - Benestar Emocional","isPartOf":{"@id":"https:\/\/evagispert.com\/ca\/#website"},"primaryImageOfPage":{"@id":"https:\/\/evagispert.com\/ca\/terapia-individual\/#primaryimage"},"image":{"@id":"https:\/\/evagispert.com\/ca\/terapia-individual\/#primaryimage"},"thumbnailUrl":"https:\/\/evagispert.com\/wp-content\/uploads\/2023\/11\/2.jpg","datePublished":"2023-10-31T12:00:25+00:00","dateModified":"2024-01-02T08:10:56+00:00","description":"Explora la nostra ter\u00e0pia individual per trobar benestar emocional i creixement personal. Amb un enfocament centrat en els teus recursos interns i t\u00e8cniques transformadores, et guiem cap a","breadcrumb":{"@id":"https:\/\/evagispert.com\/ca\/terapia-individual\/#breadcrumb"},"inLanguage":"ca","potentialAction":[{"@type":"ReadAction","target":["https:\/\/evagispert.com\/ca\/terapia-individual\/"]}]},{"@type":"ImageObject","inLanguage":"ca","@id":"https:\/\/evagispert.com\/ca\/terapia-individual\/#primaryimage","url":"https:\/\/evagispert.com\/wp-content\/uploads\/2023\/11\/2.jpg","contentUrl":"https:\/\/evagispert.com\/wp-content\/uploads\/2023\/11\/2.jpg","width":1080,"height":1350},{"@type":"BreadcrumbList","@id":"https:\/\/evagispert.com\/ca\/terapia-individual\/#breadcrumb","itemListElement":[{"@type":"ListItem","position":1,"name":"Portada","item":"https:\/\/evagispert.com\/ca\/home\/"},{"@type":"ListItem","position":2,"name":"Sessions individuals"}]},{"@type":"WebSite","@id":"https:\/\/evagispert.com\/ca\/#website","url":"https:\/\/evagispert.com\/ca\/","name":"Eva Gispert","description":"","publisher":{"@id":"https:\/\/evagispert.com\/ca\/#organization"},"potentialAction":[{"@type":"SearchAction","target":{"@type":"EntryPoint","urlTemplate":"https:\/\/evagispert.com\/ca\/?s={search_term_string}"},"query-input":{"@type":"PropertyValueSpecification","valueRequired":true,"valueName":"search_term_string"}}],"inLanguage":"ca"},{"@type":"Organization","@id":"https:\/\/evagispert.com\/ca\/#organization","name":"Eva Gispert","url":"https:\/\/evagispert.com\/ca\/","logo":{"@type":"ImageObject","inLanguage":"ca","@id":"https:\/\/evagispert.com\/ca\/#\/schema\/logo\/image\/","url":"https:\/\/evagispert.com\/wp-content\/uploads\/2023\/10\/LogoEG_oficial_color.png","contentUrl":"https:\/\/evagispert.com\/wp-content\/uploads\/2023\/10\/LogoEG_oficial_color.png","width":300,"height":173,"caption":"Eva Gispert"},"image":{"@id":"https:\/\/evagispert.com\/ca\/#\/schema\/logo\/image\/"}}]}},"_links":{"self":[{"href":"https:\/\/evagispert.com\/ca\/wp-json\/wp\/v2\/pages\/731","targetHints":{"allow":["GET"]}}],"collection":[{"href":"https:\/\/evagispert.com\/ca\/wp-json\/wp\/v2\/pages"}],"about":[{"href":"https:\/\/evagispert.com\/ca\/wp-json\/wp\/v2\/types\/page"}],"author":[{"embeddable":true,"href":"https:\/\/evagispert.com\/ca\/wp-json\/wp\/v2\/users\/4"}],"replies":[{"embeddable":true,"href":"https:\/\/evagispert.com\/ca\/wp-json\/wp\/v2\/comments?post=731"}],"version-history":[{"count":8,"href":"https:\/\/evagispert.com\/ca\/wp-json\/wp\/v2\/pages\/731\/revisions"}],"predecessor-version":[{"id":5573,"href":"https:\/\/evagispert.com\/ca\/wp-json\/wp\/v2\/pages\/731\/revisions\/5573"}],"wp:featuredmedia":[{"embeddable":true,"href":"https:\/\/evagispert.com\/ca\/wp-json\/wp\/v2\/media\/661"}],"wp:attachment":[{"href":"https:\/\/evagispert.com\/ca\/wp-json\/wp\/v2\/media?parent=731"}],"curies":[{"name":"wp","href":"https:\/\/api.w.org\/{rel}","templated":true}]}}